{"id":3624,"date":"2024-12-18T16:42:30","date_gmt":"2024-12-18T16:42:30","guid":{"rendered":"http:\/\/wordpress-roskws0ocws4wssc8kgkcwsw.37.27.53.108.sslip.io\/?page_id=3624"},"modified":"2025-10-29T15:21:14","modified_gmt":"2025-10-29T15:21:14","slug":"our-sustainability-criteria","status":"publish","type":"page","link":"https:\/\/info.renue.eco\/es\/our-sustainability-criteria\/","title":{"rendered":"Criterios de sostenibilidad"},"content":{"rendered":"<section class=\"section\" id=\"section_2127058082\">\n\t\t<div class=\"bg section-bg fill bg-fill bg-loaded bg-loaded\" >\n\n\t\t\t\n\t\t\t\n\t\t\t\n\n\t\t<\/div>\n\n\t\t\n\n\t\t<div class=\"section-content relative\">\n\t\t\t\n\n\t<div id=\"gap-1347898300\" class=\"gap-element clearfix\" style=\"display:block; height:auto;\">\n\t\t\n<style>\n#gap-1347898300 {\n  padding-top: 50px;\n}\n<\/style>\n\t<\/div>\n\t\n\n<div class=\"row align-center\"  id=\"row-604919709\">\n\n\n\t<div id=\"col-665581830\" class=\"col medium-10 small-11 large-8\"  >\n\t\t\t\t<div class=\"col-inner text-center\"  >\n\t\t\t\n\t\t\t\n\n\t<div id=\"text-2871527179\" class=\"text hidden\">\n\t\t\n\n<h6><a href=\"\/es\/bakki\/\">Inicio<\/a> \u2022 Terms of Use<\/h6>\n\t\t\n<style>\n#text-2871527179 {\n  font-size: 1rem;\n  color: rgb(1, 49, 41);\n}\n#text-2871527179 > * {\n  color: rgb(1, 49, 41);\n}\n<\/style>\n\t<\/div>\n\t\n\t<div id=\"gap-321190508\" class=\"gap-element clearfix\" style=\"display:block; height:auto;\">\n\t\t\n<style>\n#gap-321190508 {\n  padding-top: 10px;\n}\n<\/style>\n\t<\/div>\n\t\n\n\t<div id=\"text-1543520345\" class=\"text\">\n\t\t\n\n<h1><strong data-start=\"1159\" data-end=\"1216\">Sostenibilidad y  Certificaci\u00f3nes<\/strong><\/h1>\n\t\t\n<style>\n#text-1543520345 {\n  font-size: 1.8rem;\n}\n<\/style>\n\t<\/div>\n\t\n\n\t\t<\/div>\n\t\t\t\t\t<\/div>\n\n\t\n\n<\/div>\n\n\t\t<\/div>\n\n\t\t\n<style>\n#section_2127058082 {\n  padding-top: 40px;\n  padding-bottom: 40px;\n}\n@media (min-width:550px) {\n  #section_2127058082 {\n    padding-top: 50px;\n    padding-bottom: 50px;\n  }\n}\n@media (min-width:850px) {\n  #section_2127058082 {\n    padding-top: 60px;\n    padding-bottom: 60px;\n  }\n}\n<\/style>\n\t<\/section>\n\t\n\t<section class=\"section\" id=\"section_715897424\">\n\t\t<div class=\"bg section-bg fill bg-fill bg-loaded bg-loaded\" >\n\n\t\t\t\n\t\t\t\n\t\t\t\n\n\t\t<\/div>\n\n\t\t\n\n\t\t<div class=\"section-content relative\">\n\t\t\t\n\n<div class=\"row align-equal\"  id=\"row-110265954\">\n\n\n\t<div id=\"col-1613245112\" class=\"col medium-12 small-12 large-12\"  >\n\t\t\t\t<div class=\"col-inner\"  >\n\t\t\t\n\t\t\t\n\n<div class=\"row row-large\"  id=\"row-1864997979\">\n\n\n\t<div id=\"col-2025558980\" class=\"col medium-12 small-12 large-4\"  >\n\t\t\t\t<div class=\"col-inner\"  >\n\t\t\t\n\t\t\t\n\n\t<div class=\"ux-menu stack stack-col justify-start ux-menu--divider-solid\">\n\t\t\n\n\t<div class=\"ux-menu-link flex menu-item\">\n\t\t<a class=\"ux-menu-link__link flex\" href=\"https:\/\/info.renue.eco\/es\/shipping-returns\/\" >\n\t\t\t\t\t\t<span class=\"ux-menu-link__text\">\n\t\t\t\tEnv\u00edos y devoluciones\t\t\t<\/span>\n\t\t<\/a>\n\t<\/div>\n\t\n\n\t<div class=\"ux-menu-link flex menu-item\">\n\t\t<a class=\"ux-menu-link__link flex\" href=\"https:\/\/info.renue.eco\/es\/payments\/\" >\n\t\t\t\t\t\t<span class=\"ux-menu-link__text\">\n\t\t\t\tPayment Options\t\t\t<\/span>\n\t\t<\/a>\n\t<\/div>\n\t\n\n\t<div class=\"ux-menu-link flex menu-item\">\n\t\t<a class=\"ux-menu-link__link flex\" href=\"https:\/\/info.renue.eco\/es\/our-sustainability-criteria\/\" >\n\t\t\t\t\t\t<span class=\"ux-menu-link__text\">\n\t\t\t\tCriterios de sostenibilidad\t\t\t<\/span>\n\t\t<\/a>\n\t<\/div>\n\t\n\n\t<div class=\"ux-menu-link flex menu-item\">\n\t\t<a class=\"ux-menu-link__link flex\" href=\"https:\/\/info.renue.eco\/es\/terms-conditions-buyers\/\" >\n\t\t\t\t\t\t<span class=\"ux-menu-link__text\">\n\t\t\t\tTerms &amp; Conditions Buyers\t\t\t<\/span>\n\t\t<\/a>\n\t<\/div>\n\t\n\n\t<div class=\"ux-menu-link flex menu-item\">\n\t\t<a class=\"ux-menu-link__link flex\" href=\"https:\/\/info.renue.eco\/es\/terms-conditions-sellers\/\" >\n\t\t\t\t\t\t<span class=\"ux-menu-link__text\">\n\t\t\t\tTerms &amp; Conditions Sellers\t\t\t<\/span>\n\t\t<\/a>\n\t<\/div>\n\t\n\n\t<div class=\"ux-menu-link flex menu-item\">\n\t\t<a class=\"ux-menu-link__link flex\" href=\"https:\/\/info.renue.eco\/es\/privacy-policy-2\/\" >\n\t\t\t\t\t\t<span class=\"ux-menu-link__text\">\n\t\t\t\tPrivacy Policy\t\t\t<\/span>\n\t\t<\/a>\n\t<\/div>\n\t\n\n\n\t<\/div>\n\t\n\n\t\t<\/div>\n\t\t\t\t\t<\/div>\n\n\t\n\n\t<div id=\"col-2071918331\" class=\"col medium-12 small-12 large-8 medium-col-first\"  >\n\t\t\t\t<div class=\"col-inner\"  >\n\t\t\t\n\t\t\t\n\n<p data-start=\"758\" data-end=\"1051\">En Renue.eco aspiramos a ser un marketplace regenerativo, un espacio que valora el progreso por encima de la perfecci\u00f3n. Reconocemos que ninguna marca es perfecta, pero lo que realmente importa es el compromiso con la evoluci\u00f3n.<br data-start=\"956\" data-end=\"959\" \/>Nuestros criterios de sostenibilidad est\u00e1n dise\u00f1ados para orientar a las marcas hacia un cambio positivo y medible.<\/p>\n<p data-start=\"1053\" data-end=\"1310\">Algunos requisitos pueden parecer ambiciosos, pero damos la bienvenida a todas las marcas que realmente buscan generar un impacto positivo.<br data-start=\"1159\" data-end=\"1162\" \/>Hemos definido seis \u00e1reas clave de sostenibilidad y pedimos a cada vendedor que demuestre cumplir al menos un subcriterio en cada una de ellas.<\/p>\n<p data-start=\"1312\" data-end=\"1501\">A medida que nuestra plataforma crece, tambi\u00e9n lo har\u00e1n nuestras expectativas. Invitamos a nuestra comunidad de vendedores a crecer con nosotros, adoptando compromisos m\u00e1s profundos con la sostenibilidad y la regeneraci\u00f3n en cada paso que den.<\/p>\n<p data-start=\"1503\" data-end=\"1659\">No se trata de ser perfectos hoy.<br data-start=\"1538\" data-end=\"1541\" \/>Se trata de dar pasos significativos hacia un futuro mejor.<br data-start=\"1599\" data-end=\"1602\" \/>Y estaremos ah\u00ed para acompa\u00f1ar y apoyar a nuestros colaboradores en cada paso del camino.<\/p>\n<h3><strong>1. Bienestar Animal<\/strong><\/h3>\n<p data-start=\"1693\" data-end=\"1972\">Damos gran importancia al trato \u00e9tico de los animales.<br data-start=\"1755\" data-end=\"1758\" \/>Ya sea a trav\u00e9s de productos veganos y libres de crueldad, del uso responsable de lana reciclada o del cumplimiento de normas \u00e9ticas de cr\u00eda y alojamiento, las marcas deben demostrar cuidado y respeto por la vida animal en cada etapa de la producci\u00f3n.<\/p>\n<h3><strong>2. Cadena de Suministro Transparente y Responsable<\/strong><\/h3>\n<p>Rastrear cada paso, desde las materias primas hasta el producto final, no es tarea f\u00e1cil, pero es algo demasiado importante como para dejarlo de lado. Las marcas que valoran la transparencia, utilizan materiales de origen responsable (naturales, certificados como org\u00e1nicos, sin aceite de palma y evitando qu\u00edmicos nocivos) y que priorizan el \"Hecho en Europa\", tienen un lugar especial en nuestro coraz\u00f3n. Animamos activamente a las marcas a medir y reducir su impacto, ya sea a trav\u00e9s del control de emisiones o de un abastecimiento sostenible.<\/p>\n<h3><strong>3. Circularidad<\/strong><\/h3>\n<p>Somos grandes fans de las marcas que piensan m\u00e1s all\u00e1 de la primera vida del producto, ya sea que sean reciclables, upcycled o compostables. Los productos que pueden devolverse a la tierra (ciclo biol\u00f3gico) o mantenerse en uso durante m\u00e1s tiempo (ciclo t\u00e9cnico) son especialmente bienvenidos.<\/p>\n<h3><strong>4. Impacto Social<\/strong><\/h3>\n<p>M\u00e1s all\u00e1 de los beneficios econ\u00f3micos (las marcas tambi\u00e9n necesitan ser econ\u00f3micamente sostenibles y eso es algo que apoyamos al 100%), lo que importa son las personas y el impacto positivo que generan en sus comunidades. Pedimos a las marcas que nos muestren c\u00f3mo est\u00e1n generando una diferencia positiva, ya sea asegurando condiciones de trabajo justas o contribuyendo a trav\u00e9s de iniciativas solidarias y comunitarias. Tanto para emprendedores individuales o para equipos, \u00a1cada peque\u00f1o esfuerzo cuenta!<\/p>\n<h3><strong>5. Artesan\u00eda<\/strong><\/h3>\n<p>Hecho a mano es hecho con el coraz\u00f3n. Celebramos a las marcas que mantienen vivas las habilidades tradicionales, que elaboran sus productos con cuidado o que muestran t\u00e9cnicas artesanales. No tienen que hacer todo a mano, pero si est\u00e1n preservando ciertas tradiciones, sin duda tienen un lugar especial aqu\u00ed.<\/p>\n<h3><strong>6. Embalaje Sostenible<\/strong><\/h3>\n<p>\u00bfDe un solo uso? \u00a1No, gracias! El embalaje debe ser m\u00ednimo y estar hecho de materiales reciclados, reutilizables o biodegradables (en ese orden). Nos emociona especialmente ver marcas que van m\u00e1s all\u00e1, usando embalajes reciclados o incluso creando algo nuevo a partir de lo viejo. \u00a1Es el c\u00edrculo completo que nos encanta!<\/p>\n<h3 data-start=\"3749\" data-end=\"3780\"><strong data-start=\"3752\" data-end=\"3780\">Certificaciones que aceptamos<\/strong><\/h3>\n<p data-start=\"3782\" data-end=\"3935\">Aceptamos productos respaldados por certificaciones oficiales emitidas por organismos acreditados o reconocidos conforme a las normativas europeas e internacionales.<\/p>\n<h3 data-start=\"3942\" data-end=\"3959\"><strong data-start=\"3951\" data-end=\"3959\">CAAE<\/strong><\/h3>\n<p data-start=\"3747\" data-end=\"3802\"><strong data-start=\"3747\" data-end=\"3759\">Web:<\/strong> <a class=\"decorated-link cursor-pointer\" href=\"https:\/\/www.caae.es\" target=\"_new\" rel=\"noopener\" data-start=\"3760\" data-end=\"3802\">https:\/\/www.caae.es<\/a><\/p>\n<p data-start=\"3804\" data-end=\"3889\">Principal organismo espa\u00f1ol de certificaci\u00f3n en agricultura y cosm\u00e9tica ecol\u00f3gica.<br data-start=\"3877\" data-end=\"3880\" \/>Cubre:<\/p>\n<ul data-start=\"3891\" data-end=\"4271\">\n<li data-start=\"3891\" data-end=\"3973\">\n<p data-start=\"3893\" data-end=\"3973\">Alimentos ecol\u00f3gicos, en cumplimiento con el Reglamento (UE) 2018\/848 sobre producci\u00f3n ecol\u00f3gica.<\/p>\n<\/li>\n<li data-start=\"3974\" data-end=\"4055\">\n<p data-start=\"3976\" data-end=\"4055\">Cosm\u00e9tica natural y ecol\u00f3gica bajo los est\u00e1ndares COSMOS Organic \/ COSMOS Natural.<\/p>\n<\/li>\n<li data-start=\"4056\" data-end=\"4125\">\n<p data-start=\"4058\" data-end=\"4125\">Insumos ecol\u00f3gicos certificados para la producci\u00f3n agr\u00edcola y cosm\u00e9tica.<\/p>\n<\/li>\n<li data-start=\"4126\" data-end=\"4192\">\n<p data-start=\"4128\" data-end=\"4192\">Seguridad alimentaria y trazabilidad, incluyendo los est\u00e1ndares GLOBALG.A.P.<\/p>\n<\/li>\n<li data-start=\"4193\" data-end=\"4271\">\n<p data-start=\"4195\" data-end=\"4271\">Evaluaci\u00f3n de eco-sostenibilidad del impacto ambiental, social y \u00e9tico.<\/p>\n<\/li>\n<\/ul>\n<h3 data-start=\"384\" data-end=\"410\"><strong data-start=\"391\" data-end=\"408\">Bio Vida Sana<\/strong><\/h3>\n<p data-start=\"411\" data-end=\"492\"><strong data-start=\"411\" data-end=\"423\">Web:<\/strong> <a class=\"decorated-link\" href=\"https:\/\/cosmeticabiovidasana.org?utm_source=chatgpt.com\" target=\"_new\" rel=\"noopener\" data-start=\"424\" data-end=\"492\">https:\/\/cosmeticabiovidasana.org<\/a><\/p>\n<p data-start=\"494\" data-end=\"919\">Norma espa\u00f1ola de cosm\u00e9tica natural y ecol\u00f3gica desarrollada por <strong data-start=\"558\" data-end=\"582\">Asociaci\u00f3n Vida Sana<\/strong> (sin fines de lucro).<br data-start=\"596\" data-end=\"599\" \/>Garantiza la ausencia de ingredientes transg\u00e9nicos, irradiados o testados en animales.<br data-start=\"671\" data-end=\"674\" \/>Promueve el uso m\u00e1ximo de ingredientes naturales y ecol\u00f3gicos certificados.<br data-start=\"739\" data-end=\"742\" \/>Incluye categor\u00edas basadas en el contenido de ingredientes ecol\u00f3gicos (por ejemplo, Categor\u00eda I \u2265 90 %, Categor\u00eda II \u2265 15 %).<br data-start=\"843\" data-end=\"846\" \/>Dise\u00f1ada para ser accesible a marcas peque\u00f1as, artesanales y sostenibles.<\/p>\n<h3 data-start=\"4900\" data-end=\"4919\"><strong data-start=\"4907\" data-end=\"4917\">COSMOS<\/strong><\/h3>\n<p data-start=\"4920\" data-end=\"4999\"><strong data-start=\"4920\" data-end=\"4932\">Web:<\/strong> <a class=\"decorated-link cursor-pointer\" href=\"https:\/\/www.cosmos-standard.org\" target=\"_new\" rel=\"noopener\" data-start=\"4933\" data-end=\"4999\">https:\/\/www.cosmos-standard.org<\/a><\/p>\n<p data-start=\"5001\" data-end=\"5397\">Est\u00e1ndar internacional para cosm\u00e9tica natural y ecol\u00f3gica, gestionado por un consorcio de certificadoras europeas (<strong data-start=\"5107\" data-end=\"5118\">Ecocert<\/strong>, <strong data-start=\"5120\" data-end=\"5128\">BDIH<\/strong>, <strong data-start=\"5130\" data-end=\"5150\">Soil Association<\/strong>, <strong data-start=\"5152\" data-end=\"5160\">ICEA<\/strong>).<br data-start=\"5162\" data-end=\"5165\" \/>Garantiza la calidad de los ingredientes, la responsabilidad ambiental y la fabricaci\u00f3n sostenible.<br data-start=\"5253\" data-end=\"5256\" \/>Reconoce <strong data-start=\"5267\" data-end=\"5285\">COSMOS Natural<\/strong> y <strong data-start=\"5290\" data-end=\"5308\">COSMOS Organic<\/strong> niveles.<br data-start=\"5316\" data-end=\"5319\" \/>Aplica criterios estrictos de biodegradabilidad, embalaje y producci\u00f3n limpia.<\/p>\n<h3 data-start=\"5404\" data-end=\"5423\"><strong data-start=\"5411\" data-end=\"5421\">NATRUE<\/strong><\/h3>\n<p data-start=\"5424\" data-end=\"5485\"><strong data-start=\"5424\" data-end=\"5436\">Web:<\/strong> <a class=\"decorated-link cursor-pointer\" href=\"https:\/\/www.natrue.org\" target=\"_new\" rel=\"noopener\" data-start=\"5437\" data-end=\"5485\">https:\/\/www.natrue.org<\/a><\/p>\n<p data-start=\"5487\" data-end=\"5563\">Certificaci\u00f3n internacional creada por la organizaci\u00f3n sin fines de lucro <strong data-start=\"5534\" data-end=\"5550\">NATRUE AISBL<\/strong>, que garantiza:<\/p>\n<ul data-start=\"5564\" data-end=\"5765\">\n<li data-start=\"5564\" data-end=\"5629\">\n<p data-start=\"5566\" data-end=\"5629\">Origen natural de los ingredientes y exclusi\u00f3n de petroqu\u00edmicos.<\/p>\n<\/li>\n<li data-start=\"5630\" data-end=\"5675\">\n<p data-start=\"5632\" data-end=\"5675\">Fabricaci\u00f3n respetuosa con el medio ambiente<\/p>\n<\/li>\n<li data-start=\"5676\" data-end=\"5765\">\n<p data-start=\"5678\" data-end=\"5765\">Etiquetado transparente para los consumidores (Natural \/ Natural con porci\u00f3n org\u00e1nica \/ Org\u00e1nico)<\/p>\n<\/li>\n<\/ul>\n<h3 data-start=\"5772\" data-end=\"5792\"><strong data-start=\"5779\" data-end=\"5790\">ECOCERT<\/strong><\/h3>\n<p data-start=\"5793\" data-end=\"5856\"><strong data-start=\"5793\" data-end=\"5805\">Web:<\/strong> <a class=\"decorated-link\" href=\"https:\/\/www.ecocert.com\" target=\"_new\" rel=\"noopener\" data-start=\"5806\" data-end=\"5856\">https:\/\/www.ecocert.com<\/a><\/p>\n<p data-start=\"5858\" data-end=\"6164\">Pionero franc\u00e9s en certificaci\u00f3n ecol\u00f3gica, reconocido a nivel internacional.<br data-start=\"5926\" data-end=\"5929\" \/>Certifica cosm\u00e9tica natural y ecol\u00f3gica, as\u00ed como productos de cuidado personal.<br data-start=\"5996\" data-end=\"5999\" \/>Requiere al menos <strong data-start=\"6017\" data-end=\"6045\">95 % de ingredientes naturales<\/strong> y <strong data-start=\"6050\" data-end=\"6078\">10 % de ingredientes ecol\u00f3gicos<\/strong> (para la certificaci\u00f3n ecol\u00f3gica).<br data-start=\"6107\" data-end=\"6110\" \/>Tambi\u00e9n eval\u00faa el embalaje y la gesti\u00f3n ambiental.<\/p>\n<h3 data-start=\"6171\" data-end=\"6200\"><strong data-start=\"6178\" data-end=\"6198\">ECOGEA Institute<\/strong><\/h3>\n<p data-start=\"6201\" data-end=\"6262\"><strong data-start=\"6201\" data-end=\"6213\">Web:<\/strong> <a class=\"decorated-link cursor-pointer\" href=\"https:\/\/www.ecogea.org\" target=\"_new\" rel=\"noopener\" data-start=\"6214\" data-end=\"6262\">https:\/\/www.ecogea.org<\/a><\/p>\n<p data-start=\"6264\" data-end=\"6574\">Certificaci\u00f3n europea que distingue tres niveles: <strong data-start=\"6316\" data-end=\"6327\">Natural<\/strong>, <strong data-start=\"6329\" data-end=\"6348\">Natural-org\u00e1nico<\/strong>, y <strong data-start=\"6354\" data-end=\"6365\">Org\u00e1nico<\/strong>.<br data-start=\"6366\" data-end=\"6369\" \/>Eval\u00faa la composici\u00f3n, el origen de los ingredientes y el impacto ambiental.<br data-start=\"6435\" data-end=\"6438\" \/>Fomenta el uso de ingredientes certificados y la trazabilidad completa.<br data-start=\"6494\" data-end=\"6497\" \/>Totalmente compatible con otros est\u00e1ndares internacionales como COSMOS o NATRUE.<\/p>\n<h3 data-start=\"7013\" data-end=\"7070\"><strong data-start=\"7020\" data-end=\"7070\">Otras certificaciones reconocidas y equivalentes<\/strong><\/h3>\n<p data-start=\"7072\" data-end=\"7217\">Renue.eco tambi\u00e9n acepta certificaciones equivalentes y complementarias que demuestren responsabilidad ambiental, social y \u00e9tica, incluyendo:<\/p>\n<ul data-start=\"7219\" data-end=\"8165\">\n<li data-start=\"7219\" data-end=\"7332\">\n<p data-start=\"7221\" data-end=\"7332\"><strong data-start=\"7221\" data-end=\"7229\">BDIH<\/strong> (Alemania) - <a class=\"decorated-link cursor-pointer\" href=\"https:\/\/www.kontrollierte-naturkosmetik.de\" target=\"_new\" rel=\"noopener\" data-start=\"7242\" data-end=\"7330\">https:\/\/www.kontrollierte-naturkosmetik.de<\/a><\/p>\n<\/li>\n<li data-start=\"7333\" data-end=\"7443\">\n<p data-start=\"7335\" data-end=\"7443\"><strong data-start=\"7335\" data-end=\"7355\">Soil Association<\/strong> (Reino Unido) \u2014 <a class=\"decorated-link cursor-pointer\" href=\"https:\/\/www.soilassociation.org\" target=\"_new\" rel=\"noopener\" data-start=\"7375\" data-end=\"7441\">https:\/\/www.soilassociation.org<\/a><\/p>\n<\/li>\n<li data-start=\"7444\" data-end=\"7511\">\n<p data-start=\"7446\" data-end=\"7511\"><strong data-start=\"7446\" data-end=\"7454\">ICEA<\/strong> (Italia) \u2014 <a class=\"decorated-link cursor-pointer\" href=\"https:\/\/www.icea.bio\" target=\"_new\" rel=\"noopener\" data-start=\"7465\" data-end=\"7509\">https:\/\/www.icea.bio<\/a><\/p>\n<\/li>\n<li data-start=\"7512\" data-end=\"7602\">\n<p data-start=\"7514\" data-end=\"7602\"><strong data-start=\"7514\" data-end=\"7525\">Demeter<\/strong> (Productos biodin\u00e1micos) \u2014 <a class=\"decorated-link cursor-pointer\" href=\"https:\/\/www.demeter.net\" target=\"_new\" rel=\"noopener\" data-start=\"7550\" data-end=\"7600\">https:\/\/www.demeter.net<\/a><\/p>\n<\/li>\n<li data-start=\"7603\" data-end=\"7688\">\n<p data-start=\"7605\" data-end=\"7688\"><strong data-start=\"7605\" data-end=\"7615\">Nature<\/strong> (Sellos aprobados por la UE) \u2014 <a class=\"decorated-link cursor-pointer\" href=\"https:\/\/www.nature.org\" target=\"_new\" rel=\"noopener\" data-start=\"7638\" data-end=\"7686\">https:\/\/www.nature.org<\/a><\/p>\n<\/li>\n<li data-start=\"7689\" data-end=\"7929\">\n<p data-start=\"7691\" data-end=\"7929\"><strong data-start=\"7691\" data-end=\"7728\">FSC\u00ae \u2013 Forest Stewardship Council<\/strong> \u2014 <a class=\"decorated-link\" href=\"https:\/\/www.fsc.org\" target=\"_new\" rel=\"noopener\" data-start=\"7731\" data-end=\"7773\">https:\/\/www.fsc.org<\/a><br data-start=\"7773\" data-end=\"7776\" \/>Garantiza que la madera, el papel y otros materiales de origen forestal provengan de bosques gestionados de manera responsable, que aporten beneficios ambientales, sociales y econ\u00f3micos.<\/p>\n<\/li>\n<li data-start=\"7930\" data-end=\"8165\">\n<p data-start=\"7932\" data-end=\"8165\"><strong data-start=\"7932\" data-end=\"7966\">Rainforest Alliance Certified\u2122<\/strong> \u2014 <a class=\"decorated-link\" href=\"https:\/\/www.rainforest-alliance.org\" target=\"_new\" rel=\"noopener\" data-start=\"7969\" data-end=\"8043\">https:\/\/www.rainforest-alliance.org<\/a><br data-start=\"8043\" data-end=\"8046\" \/>Promueve la agricultura sostenible, la conservaci\u00f3n de los bosques y mejores condiciones de vida mediante pr\u00e1cticas responsables verificadas.<\/p>\n<\/li>\n<\/ul>\n<h3 data-start=\"8172\" data-end=\"8216\"><strong data-start=\"8175\" data-end=\"8216\">Requisitos para publicar en Renue.eco<\/strong><\/h3>\n<p data-start=\"8218\" data-end=\"8275\">Para publicar productos en nuestra plataforma, las marcas deben proporcionar:<\/p>\n<ul data-start=\"8277\" data-end=\"8856\">\n<li data-start=\"8277\" data-end=\"8410\">\n<p data-start=\"8279\" data-end=\"8410\"><strong data-start=\"8279\" data-end=\"8302\">Certificaci\u00f3n v\u00e1lida<\/strong> \u2014 Un PDF o imagen que muestre claramente el nombre de la empresa o marca, el n\u00famero de certificado, el organismo emisor y las fechas de emisi\u00f3n y vencimiento.<\/p>\n<\/li>\n<li data-start=\"8411\" data-end=\"8536\">\n<p data-start=\"8413\" data-end=\"8536\"><strong data-start=\"8413\" data-end=\"8439\">Compatibilidad con la categor\u00eda<\/strong> \u2014 La certificaci\u00f3n debe aplicarse a la categor\u00eda de producto correspondiente (alimentaci\u00f3n, cosm\u00e9tica, textil, etc.).<\/p>\n<\/li>\n<li data-start=\"8537\" data-end=\"8681\">\n<p data-start=\"8539\" data-end=\"8681\"><strong data-start=\"8539\" data-end=\"8572\">Transparencia y verificaci\u00f3n<\/strong> \u2014 Las marcas deben permitir que Renue.eco verifique los certificados en l\u00ednea o mediante documentaci\u00f3n, y renovarlos cuando sea necesario.<\/p>\n<\/li>\n<li data-start=\"8682\" data-end=\"8856\">\n<p data-start=\"8684\" data-end=\"8856\"><strong data-start=\"8684\" data-end=\"8719\">Trazabilidad y buenas pr\u00e1cticas<\/strong> \u2014 Para alimentos o materias primas, se requiere cumplimiento con la trazabilidad, la seguridad alimentaria y las buenas pr\u00e1cticas agr\u00edcolas (p. ej., GLOBALG.A.P.).<\/p>\n<\/li>\n<\/ul>\n<p><strong data-start=\"9145\" data-end=\"9157\">Renovaci\u00f3n:<\/strong> Las marcas deben presentar certificados actualizados antes de su vencimiento para mantener sus publicaciones activas.<br data-start=\"9240\" data-end=\"9243\" \/>Renue.eco se reserva el derecho de suspender o rechazar cualquier producto o marca que no cumpla con nuestros criterios de sostenibilidad o verificaci\u00f3n.<\/p>\n<div class=\"is-divider divider clearfix\" style=\"margin-top:40px;margin-bottom:40px;max-width:100%;height:2px;\"><\/div>\n\n\t<div id=\"stack-1256740601\" class=\"stack stack-row justify-between items-center sm:stack-col sm:items-stretch\">\n\t\t\n\n<a href=\"https:\/\/renue.eco\/\" class=\"button primary\" target=\"_blank\" rel=\"noopener\">\n  <i class=\"icon-shopping-basket\" aria-hidden=\"true\" ><\/i>  <span>Ir a la tienda<\/span>\n  <\/a>\n\n\n<a href=\"\/es\/contact\/\" class=\"button secondary\"  >\n    <span>Cont\u00e1ctanos<\/span>\n  <\/a>\n\n\n\n\t\t\n<style>\n#stack-1256740601 > * {\n  --stack-gap: 0.25rem;\n}\n<\/style>\n\t<\/div>\n\t\n\n\t\t<\/div>\n\t\t\t\t\t<\/div>\n\n\t\n\n<\/div>\n\n\t\t<\/div>\n\t\t\t\t\t<\/div>\n\n\t\n\n\n<style>\n#row-110265954 > .col > .col-inner {\n  padding: 40px 40px 20px 40px;\n  background-color: rgb(255,255,255);\n}\n@media (min-width:850px) {\n  #row-110265954 > .col > .col-inner {\n    padding: 60px 60px 40px 60px;\n  }\n}\n<\/style>\n<\/div>\n\n\t\t<\/div>\n\n\t\t\n<style>\n#section_715897424 {\n  padding-top: 0px;\n  padding-bottom: 0px;\n}\n<\/style>\n\t<\/section>","protected":false},"excerpt":{"rendered":"","protected":false},"author":5,"featured_media":0,"parent":0,"menu_order":0,"comment_status":"closed","ping_status":"closed","template":"page-blank.php","meta":{"footnotes":""},"class_list":["post-3624","page","type-page","status-publish","hentry"],"_links":{"self":[{"href":"https:\/\/info.renue.eco\/es\/wp-json\/wp\/v2\/pages\/3624","targetHints":{"allow":["GET"]}}],"collection":[{"href":"https:\/\/info.renue.eco\/es\/wp-json\/wp\/v2\/pages"}],"about":[{"href":"https:\/\/info.renue.eco\/es\/wp-json\/wp\/v2\/types\/page"}],"author":[{"embeddable":true,"href":"https:\/\/info.renue.eco\/es\/wp-json\/wp\/v2\/users\/5"}],"replies":[{"embeddable":true,"href":"https:\/\/info.renue.eco\/es\/wp-json\/wp\/v2\/comments?post=3624"}],"version-history":[{"count":16,"href":"https:\/\/info.renue.eco\/es\/wp-json\/wp\/v2\/pages\/3624\/revisions"}],"predecessor-version":[{"id":4606,"href":"https:\/\/info.renue.eco\/es\/wp-json\/wp\/v2\/pages\/3624\/revisions\/4606"}],"wp:attachment":[{"href":"https:\/\/info.renue.eco\/es\/wp-json\/wp\/v2\/media?parent=3624"}],"curies":[{"name":"wp","href":"https:\/\/api.w.org\/{rel}","templated":true}]}}