{"id":42,"date":"2021-02-12T12:00:30","date_gmt":"2021-02-12T12:00:30","guid":{"rendered":"https:\/\/templates.sebdelaweb.com\/bakki\/?page_id=42"},"modified":"2025-04-15T16:06:44","modified_gmt":"2025-04-15T16:06:44","slug":"contact","status":"publish","type":"page","link":"https:\/\/info.renue.eco\/es\/contact\/","title":{"rendered":"Contact"},"content":{"rendered":"<section class=\"section\" id=\"section_830281069\">\n\t\t<div class=\"bg section-bg fill bg-fill bg-loaded bg-loaded\" >\n\n\t\t\t\n\t\t\t\n\t\t\t\n\n\t\t<\/div>\n\n\t\t\n\n\t\t<div class=\"section-content relative\">\n\t\t\t\n\n\t<div id=\"gap-1082839432\" class=\"gap-element clearfix\" style=\"display:block; height:auto;\">\n\t\t\n<style>\n#gap-1082839432 {\n  padding-top: 50px;\n}\n<\/style>\n\t<\/div>\n\t\n\n<div class=\"row\"  id=\"row-1943887187\">\n\n\n\t<div id=\"col-1102254664\" class=\"col medium-9 small-11 large-6\"  >\n\t\t\t\t<div class=\"col-inner text-left\"  >\n\t\t\t\n\t\t\t\n\n\t<div id=\"text-1815938480\" class=\"text hidden\">\n\t\t\n\n<h6><a href=\"\/es\/bakki\/\">Inicio<\/a> \u2022 Contact<\/h6>\n\t\t\n<style>\n#text-1815938480 {\n  font-size: 1rem;\n  color: rgb(1, 49, 41);\n}\n#text-1815938480 > * {\n  color: rgb(1, 49, 41);\n}\n<\/style>\n\t<\/div>\n\t\n\t<div id=\"gap-142598007\" class=\"gap-element clearfix\" style=\"display:block; height:auto;\">\n\t\t\n<style>\n#gap-142598007 {\n  padding-top: 10px;\n}\n<\/style>\n\t<\/div>\n\t\n\n\t<div id=\"text-1783944203\" class=\"text\">\n\t\t\n\n<h1>Contacto con nosotros<\/h1>\n\t\t\n<style>\n#text-1783944203 {\n  font-size: 2.3rem;\n}\n<\/style>\n\t<\/div>\n\t\n\t<div id=\"text-3980890098\" class=\"text\">\n\t\t\n\n<p>Utilice el formulario de contacto a continuaci\u00f3n para contactarnos directamente. Nuestro objetivo es responder a todas sus consultas en un plazo de 2 d\u00edas laborables y nos comprometemos a brindarle un servicio r\u00e1pido y atento. Durante las horas punta, le rogamos que nos d\u00e9 un tiempo adicional para responderle. Nos esforzamos por atender su consulta con la m\u00e1xima atenci\u00f3n y garantizarle una experiencia verdaderamente positiva.<\/p>\n\t\t\n<style>\n#text-3980890098 {\n  font-size: 1.2rem;\n  line-height: 1.5;\n}\n<\/style>\n\t<\/div>\n\t\n\n\t\t<\/div>\n\t\t\t\t\t<\/div>\n\n\t\n\n<\/div>\n\n\t\t<\/div>\n\n\t\t\n<style>\n#section_830281069 {\n  padding-top: 40px;\n  padding-bottom: 40px;\n}\n@media (min-width:550px) {\n  #section_830281069 {\n    padding-top: 50px;\n    padding-bottom: 50px;\n  }\n}\n@media (min-width:850px) {\n  #section_830281069 {\n    padding-top: 60px;\n    padding-bottom: 60px;\n  }\n}\n<\/style>\n\t<\/section>\n\t\n\t<section class=\"section\" id=\"section_1558177399\">\n\t\t<div class=\"bg section-bg fill bg-fill bg-loaded\" >\n\n\t\t\t\n\t\t\t\n\t\t\t\n\n\t\t<\/div>\n\n\t\t\n\n\t\t<div class=\"section-content relative\">\n\t\t\t\n\n\n\t\t<\/div>\n\n\t\t\n<style>\n#section_1558177399 {\n  padding-top: 30px;\n  padding-bottom: 30px;\n  min-height: 250px;\n}\n#section_1558177399 .section-bg.bg-loaded {\n  background-image: url(https:\/\/info.renue.eco\/wp-content\/uploads\/2025\/01\/hannah-busing-Zyx1bK9mqmA-unsplash-1536x1024.webp);\n}\n#section_1558177399 .section-bg {\n  background-position: 35% 82%;\n}\n@media (min-width:550px) {\n  #section_1558177399 {\n    min-height: 300px;\n  }\n}\n@media (min-width:850px) {\n  #section_1558177399 {\n    min-height: 400px;\n  }\n}\n<\/style>\n\t<\/section>\n\t\n\t<div id=\"gap-750939078\" class=\"gap-element clearfix\" style=\"display:block; height:auto;\">\n\t\t\n<style>\n#gap-750939078 {\n  padding-top: 90px;\n}\n<\/style>\n\t<\/div>\n\t\n\n\n\t<div id=\"text-3037134131\" class=\"text\">\n\t\t\n\n<p class=\"lead\">Antes de contactarnos, no olvides consultar nuestras extensas preguntas frecuentes.<br \/>\n Es posible que tengan las respuestas instant\u00e1neas que est\u00e1s buscando sobre una variedad de temas.\n<\/p>\n\t\t\n<style>\n#text-3037134131 {\n  text-align: center;\n}\n<\/style>\n\t<\/div>\n\t\n\t<section class=\"section\" id=\"section_1837579430\">\n\t\t<div class=\"bg section-bg fill bg-fill bg-loaded bg-loaded\" >\n\n\t\t\t\n\t\t\t\n\t\t\t\n\n\t\t<\/div>\n\n\t\t\n\n\t\t<div class=\"section-content relative\">\n\t\t\t\n\n<div class=\"row\"  id=\"row-1291386029\">\n\n\n\t<div id=\"col-936897870\" class=\"col medium-12 small-12 large-8\"  >\n\t\t\t\t<div class=\"col-inner\"  >\n\t\t\t\n\t\t\t\n\n\n  <div class=\"banner has-hover\" id=\"banner-928789512\">\n          <div class=\"banner-inner fill\">\n        <div class=\"banner-bg fill\" >\n            <div class=\"bg fill bg-fill bg-loaded\"><\/div>\n                        <div class=\"overlay\"><\/div>            \n                    <\/div>\n\t\t\n        <div class=\"banner-layers container\">\n            <div class=\"fill banner-link\"><\/div>            \n\n\n        <\/div>\n      <\/div>\n\n            \n<style>\n#banner-928789512 {\n  padding-top: 300px;\n  background-color: rgb(252, 249, 235);\n}\n#banner-928789512 .bg.bg-loaded {\n  background-image: url(https:\/\/pub-9aae3da7573440d2aa18ac5b28b58f5f.r2.dev\/2024\/08\/foto-01-copy.png);\n}\n#banner-928789512 .overlay {\n  background-color: rgba(1, 1, 1, 0.122);\n}\n#banner-928789512 .bg {\n  background-position: 49% 0%;\n}\n@media (min-width:550px) {\n  #banner-928789512 {\n    padding-top: 600px;\n  }\n}\n<\/style>\n  <\/div>\n\n\n\n\t\t<\/div>\n\t\t\t\t\t<\/div>\n\n\t\n\n<\/div>\n<div class=\"row align-right\"  id=\"row-1237047474\">\n\n\n\t<div id=\"col-1472375551\" class=\"col medium-12 small-12 large-6\"  >\n\t\t\t\t<div class=\"col-inner\" style=\"background-color:rgb(255, 255, 255);\" >\n\t\t\t\n\t\t\t\n\n<div class=\"row row-large\"  id=\"row-610246527\">\n\n\n\t<div id=\"col-429274221\" class=\"col medium-11 small-10 large-11\"  >\n\t\t\t\t<div class=\"col-inner\"  >\n\t\t\t\n\t\t\t\n\n<h3>Envianos un mensaje<\/h3>\n\t<div id=\"gap-1771818057\" class=\"gap-element clearfix\" style=\"display:block; height:auto;\">\n\t\t\n<style>\n#gap-1771818057 {\n  padding-top: 10px;\n}\n<\/style>\n\t<\/div>\n\t\n\n\n<div class=\"wpcf7 no-js\" id=\"wpcf7-f2454-o1\" lang=\"en-US\" dir=\"ltr\" data-wpcf7-id=\"2454\">\n<div class=\"screen-reader-response\"><p role=\"status\" aria-live=\"polite\" aria-atomic=\"true\"><\/p> <ul><\/ul><\/div>\n<form action=\"\/es\/wp-json\/wp\/v2\/pages\/42#wpcf7-f2454-o1\" method=\"post\" class=\"wpcf7-form init\" aria-label=\"Contact form\" novalidate=\"novalidate\" data-status=\"init\" data-trp-original-action=\"\/es\/wp-json\/wp\/v2\/pages\/42#wpcf7-f2454-o1\">\n<fieldset class=\"hidden-fields-container\"><input type=\"hidden\" name=\"_wpcf7\" value=\"2454\" \/><input type=\"hidden\" name=\"_wpcf7_version\" value=\"6.1.5\" \/><input type=\"hidden\" name=\"_wpcf7_locale\" value=\"en_US\" \/><input type=\"hidden\" name=\"_wpcf7_unit_tag\" value=\"wpcf7-f2454-o1\" \/><input type=\"hidden\" name=\"_wpcf7_container_post\" value=\"0\" \/><input type=\"hidden\" name=\"_wpcf7_posted_data_hash\" value=\"\" \/>\n<\/fieldset>\n<p><label> Nombre<br \/>\n<span class=\"wpcf7-form-control-wrap\" data-name=\"your-name\"><input size=\"40\" maxlength=\"400\" class=\"wpcf7-form-control wpcf7-text wpcf7-validates-as-required\" autocomplete=\"name\" aria-required=\"true\" aria-invalid=\"false\" value=\"\" type=\"text\" name=\"your-name\" \/><\/span> <\/label>\n<\/p>\n<p><label> Email<br \/>\n<span class=\"wpcf7-form-control-wrap\" data-name=\"your-email\"><input size=\"40\" maxlength=\"400\" class=\"wpcf7-form-control wpcf7-email wpcf7-validates-as-required wpcf7-text wpcf7-validates-as-email\" autocomplete=\"email\" aria-required=\"true\" aria-invalid=\"false\" value=\"\" type=\"email\" name=\"your-email\" \/><\/span> <\/label>\n<\/p>\n<p><label> Sujeto<br \/>\n<span class=\"wpcf7-form-control-wrap\" data-name=\"your-subject\"><input size=\"40\" maxlength=\"400\" class=\"wpcf7-form-control wpcf7-text wpcf7-validates-as-required\" aria-required=\"true\" aria-invalid=\"false\" value=\"\" type=\"text\" name=\"your-subject\" \/><\/span> <\/label>\n<\/p>\n<p><label> Tu mensaje<br \/>\n<span class=\"wpcf7-form-control-wrap\" data-name=\"your-message\"><textarea cols=\"40\" rows=\"10\" maxlength=\"2000\" class=\"wpcf7-form-control wpcf7-textarea\" aria-invalid=\"false\" name=\"your-message\"><\/textarea><\/span> <\/label>\n<\/p>\n<p><input class=\"wpcf7-form-control wpcf7-submit has-spinner\" type=\"submit\" value=\"Enviar\" \/>\n<\/p><div class=\"wpcf7-response-output\" aria-hidden=\"true\"><\/div>\n<input type=\"hidden\" name=\"trp-form-language\" value=\"es\"\/><\/form>\n<\/div>\n\n\n\n\t\t<\/div>\n\t\t\t\t\t<\/div>\n\n\t\n\n<\/div>\n\n\t\t<\/div>\n\t\t\t\t\n<style>\n#col-1472375551 > .col-inner {\n  padding: 40px 0px 0px 50px;\n  margin: -85px 3px 0px 0px;\n}\n@media (min-width:850px) {\n  #col-1472375551 > .col-inner {\n    margin: -475px -26px 0px 0px;\n  }\n}\n<\/style>\n\t<\/div>\n\n\t\n\n<\/div>\n\n\t\t<\/div>\n\n\t\t\n<style>\n#section_1837579430 {\n  padding-top: 30px;\n  padding-bottom: 30px;\n}\n<\/style>\n\t<\/section>","protected":false},"excerpt":{"rendered":"","protected":false},"author":1,"featured_media":0,"parent":0,"menu_order":0,"comment_status":"closed","ping_status":"closed","template":"page-blank.php","meta":{"footnotes":""},"class_list":["post-42","page","type-page","status-publish","hentry"],"_links":{"self":[{"href":"https:\/\/info.renue.eco\/es\/wp-json\/wp\/v2\/pages\/42","targetHints":{"allow":["GET"]}}],"collection":[{"href":"https:\/\/info.renue.eco\/es\/wp-json\/wp\/v2\/pages"}],"about":[{"href":"https:\/\/info.renue.eco\/es\/wp-json\/wp\/v2\/types\/page"}],"author":[{"embeddable":true,"href":"https:\/\/info.renue.eco\/es\/wp-json\/wp\/v2\/users\/1"}],"replies":[{"embeddable":true,"href":"https:\/\/info.renue.eco\/es\/wp-json\/wp\/v2\/comments?post=42"}],"version-history":[{"count":0,"href":"https:\/\/info.renue.eco\/es\/wp-json\/wp\/v2\/pages\/42\/revisions"}],"wp:attachment":[{"href":"https:\/\/info.renue.eco\/es\/wp-json\/wp\/v2\/media?parent=42"}],"curies":[{"name":"wp","href":"https:\/\/api.w.org\/{rel}","templated":true}]}}