{"id":46,"date":"2021-02-12T12:00:59","date_gmt":"2021-02-12T12:00:59","guid":{"rendered":"https:\/\/templates.sebdelaweb.com\/bakki\/?page_id=46"},"modified":"2025-01-18T21:03:07","modified_gmt":"2025-01-18T21:03:07","slug":"about-us","status":"publish","type":"page","link":"https:\/\/info.renue.eco\/es\/about-us\/","title":{"rendered":"Sobre nosotros"},"content":{"rendered":"<section class=\"section\" id=\"section_323802789\">\n\t\t<div class=\"bg section-bg fill bg-fill bg-loaded bg-loaded\" >\n\n\t\t\t\n\t\t\t\n\t\t\t\n\n\t\t<\/div>\n\n\t\t\n\n\t\t<div class=\"section-content relative\">\n\t\t\t\n\n\t<div id=\"gap-57469232\" class=\"gap-element clearfix\" style=\"display:block; height:auto;\">\n\t\t\n<style>\n#gap-57469232 {\n  padding-top: 50px;\n}\n<\/style>\n\t<\/div>\n\t\n\n<div class=\"row\"  id=\"row-1029088215\">\n\n\n\t<div id=\"col-2118835253\" class=\"col medium-9 small-11 large-6\"  >\n\t\t\t\t<div class=\"col-inner text-left\"  >\n\t\t\t\n\t\t\t\n\n\t<div id=\"text-3650240491\" class=\"text hidden\">\n\t\t\n\n<h6><a href=\"\/es\/bakki\/\">Inicio<\/a> \u2022 About us<\/h6>\n\t\t\n<style>\n#text-3650240491 {\n  font-size: 1rem;\n  color: rgb(1, 49, 41);\n}\n#text-3650240491 > * {\n  color: rgb(1, 49, 41);\n}\n<\/style>\n\t<\/div>\n\t\n\t<div id=\"gap-1887029226\" class=\"gap-element clearfix\" style=\"display:block; height:auto;\">\n\t\t\n<style>\n#gap-1887029226 {\n  padding-top: 10px;\n}\n<\/style>\n\t<\/div>\n\t\n\n\t<div id=\"text-623893401\" class=\"text\">\n\t\t\n\n<h1>Nuestra historia<\/h1>\n\t\t\n<style>\n#text-623893401 {\n  font-size: 2.3rem;\n}\n<\/style>\n\t<\/div>\n\t\n\t<div id=\"text-1797963033\" class=\"text\">\n\t\t\n\n<p>Renue naci\u00f3 de una idea simple pero poderosa: integrar la sostenibilidad en el tejido del comercio electr\u00f3nico cotidiano. Nuestro viaje comenz\u00f3 con la visi\u00f3n de crear algo m\u00e1s que un mercado; una plataforma que no s\u00f3lo conecta marcas y consumidores, sino que tambi\u00e9n defiende la causa de un futuro colaborativo y con conciencia ecol\u00f3gica. En Renue, nos dedicamos a reducir la huella de carbono y promover pr\u00e1cticas \u00e9ticas, al mismo tiempo que fomentamos una comunidad inclusiva orientada a la regeneraci\u00f3n.<\/p>\n\t\t\n<style>\n#text-1797963033 {\n  font-size: 1.2rem;\n  line-height: 1.5;\n}\n<\/style>\n\t<\/div>\n\t\n\n\t\t<\/div>\n\t\t\t\t\t<\/div>\n\n\t\n\n<\/div>\n\n\t\t<\/div>\n\n\t\t\n<style>\n#section_323802789 {\n  padding-top: 40px;\n  padding-bottom: 40px;\n}\n@media (min-width:550px) {\n  #section_323802789 {\n    padding-top: 50px;\n    padding-bottom: 50px;\n  }\n}\n@media (min-width:850px) {\n  #section_323802789 {\n    padding-top: 60px;\n    padding-bottom: 60px;\n  }\n}\n<\/style>\n\t<\/section>\n\t\n\t<section class=\"section dark has-parallax\" id=\"section_695985996\">\n\t\t<div class=\"bg section-bg fill bg-fill bg-loaded\" data-parallax-container=\".section\" data-parallax-background data-parallax=\"-7\">\n\n\t\t\t\n\t\t\t<div class=\"section-bg-overlay absolute fill\"><\/div>\n\t\t\t\n\n\t\t<\/div>\n\n\t\t\n\n\t\t<div class=\"section-content relative\">\n\t\t\t\n\n<div class=\"row row-collapse align-center\"  id=\"row-1330822597\">\n\n\n\t<div id=\"col-573049693\" class=\"col medium-9 small-12 large-9\"  >\n\t\t\t\t<div class=\"col-inner text-center\"  >\n\t\t\t\n\t\t\t\n\n\t<div id=\"gap-1713459859\" class=\"gap-element clearfix\" style=\"display:block; height:auto;\">\n\t\t\n<style>\n#gap-1713459859 {\n  padding-top: 30px;\n}\n<\/style>\n\t<\/div>\n\t\n\n<h2>\"El futuro del comercio no reside s\u00f3lo en los productos que compramos o vendemos, sino en las decisiones que tomamos sobre c\u00f3mo participamos en cada transacci\u00f3n\".<\/h2>\n<p>\u301c Renue Team<\/p>\n\n\t\t<\/div>\n\t\t\t\t\n<style>\n#col-573049693 > .col-inner {\n  padding: 20px 20px 0px 20px;\n}\n@media (min-width:550px) {\n  #col-573049693 > .col-inner {\n    padding: 20px 0px 0px 0px;\n  }\n}\n<\/style>\n\t<\/div>\n\n\t\n\n<\/div>\n\n\t\t<\/div>\n\n\t\t\n<style>\n#section_695985996 {\n  padding-top: 30px;\n  padding-bottom: 30px;\n  min-height: 300px;\n}\n#section_695985996 .section-bg-overlay {\n  background-color: rgba(0, 0, 0, 0.302);\n}\n#section_695985996 .section-bg.bg-loaded {\n  background-image: url(https:\/\/templates.sebdelaweb.com\/bakki\/wp-content\/uploads\/sites\/3\/2021\/01\/scott-webb-oRWRlTgBrPo-unsplash.jpg);\n}\n#section_695985996 .section-bg {\n  background-position: 15% 49%;\n}\n@media (min-width:550px) {\n  #section_695985996 {\n    min-height: 400px;\n  }\n}\n<\/style>\n\t<\/section>\n\t\n\t<section class=\"section\" id=\"section_10408054\">\n\t\t<div class=\"bg section-bg fill bg-fill bg-loaded bg-loaded\" >\n\n\t\t\t\n\t\t\t\n\t\t\t\n\n\t\t<\/div>\n\n\t\t\n\n\t\t<div class=\"section-content relative\">\n\t\t\t\n\n\t<div id=\"gap-577062826\" class=\"gap-element clearfix\" style=\"display:block; height:auto;\">\n\t\t\n<style>\n#gap-577062826 {\n  padding-top: 0px;\n}\n@media (min-width:550px) {\n  #gap-577062826 {\n    padding-top: 30px;\n  }\n}\n<\/style>\n\t<\/div>\n\t\n\n\t<div id=\"gap-979742643\" class=\"gap-element clearfix show-for-small\" style=\"display:block; height:auto;\">\n\t\t\n<style>\n#gap-979742643 {\n  padding-top: 30px;\n}\n<\/style>\n\t<\/div>\n\t\n\n<div class=\"row\"  id=\"row-994567459\">\n\n\n\t<div id=\"col-13595385\" class=\"col medium-12 small-12 large-8\"  >\n\t\t\t\t<div class=\"col-inner\"  >\n\t\t\t\n\t\t\t\n\n\n  <div class=\"banner has-hover\" id=\"banner-1445465909\">\n          <div class=\"banner-inner fill\">\n        <div class=\"banner-bg fill\" >\n            <div class=\"bg fill bg-fill bg-loaded\"><\/div>\n                                    \n                    <\/div>\n\t\t\n        <div class=\"banner-layers container\">\n            <div class=\"fill banner-link\"><\/div>            \n\n\n        <\/div>\n      <\/div>\n\n            \n<style>\n#banner-1445465909 {\n  padding-top: 300px;\n}\n#banner-1445465909 .bg.bg-loaded {\n  background-image: url(https:\/\/info.renue.eco\/wp-content\/uploads\/2025\/01\/hannah-busing-Zyx1bK9mqmA-unsplash-1024x683.webp);\n}\n#banner-1445465909 .bg {\n  background-position: 77% 100%;\n}\n@media (min-width:550px) {\n  #banner-1445465909 {\n    padding-top: 500px;\n  }\n}\n<\/style>\n  <\/div>\n\n\n\n\t\t<\/div>\n\t\t\t\t\t<\/div>\n\n\t\n\n<\/div>\n<div class=\"row align-right\"  id=\"row-800128146\">\n\n\n\t<div id=\"col-478881633\" class=\"col medium-12 small-12 large-6\"  >\n\t\t\t\t<div class=\"col-inner\" style=\"background-color:rgb(255, 255, 255);\" >\n\t\t\t\n\t\t\t\n\n\t<div id=\"text-665649408\" class=\"text\">\n\t\t\n\n<h1>\u00danete a Renue<\/h1>\n\t\t\n<style>\n#text-665649408 {\n  font-size: 1.25rem;\n  line-height: 1.5;\n}\n@media (min-width:550px) {\n  #text-665649408 {\n    font-size: 1.25rem;\n  }\n}\n<\/style>\n\t<\/div>\n\t\n<p>Renue no es s\u00f3lo un mercado; es un compromiso con mejores opciones e impactos positivos tanto en el planeta como en las personas. Al comprar con nosotros, no solo est\u00e1s comprando un producto: est\u00e1s reescribiendo la narrativa del comercio electr\u00f3nico, una elecci\u00f3n responsable a la vez.<\/p>\n<a href=\"https:\/\/info.renue.eco\/es\/\" class=\"button primary\"  >\n    <span>Registrate<\/span>\n  <i class=\"icon-angle-right\" aria-hidden=\"true\" ><\/i><\/a>\n\n\n\n\t\t<\/div>\n\t\t\t\t\n<style>\n#col-478881633 > .col-inner {\n  padding: 30px 30px 30px 30px;\n  margin: -45px 0px 0px 0px;\n}\n@media (min-width:550px) {\n  #col-478881633 > .col-inner {\n    padding: 60px 60px 30px 60px;\n    margin: -50px 0px 0px 0px;\n  }\n}\n@media (min-width:850px) {\n  #col-478881633 > .col-inner {\n    margin: -340px 0 0px 0px;\n  }\n}\n<\/style>\n\t<\/div>\n\n\t\n\n<\/div>\n\t<div id=\"gap-262121177\" class=\"gap-element clearfix\" style=\"display:block; height:auto;\">\n\t\t\n<style>\n#gap-262121177 {\n  padding-top: 30px;\n}\n@media (min-width:550px) {\n  #gap-262121177 {\n    padding-top: 50px;\n  }\n}\n@media (min-width:850px) {\n  #gap-262121177 {\n    padding-top: 80px;\n  }\n}\n<\/style>\n\t<\/div>\n\t\n\n<div class=\"row row-large\"  id=\"row-2127069933\">\n\n\n\t<div id=\"col-251894772\" class=\"col medium-6 small-12 large-3\"  >\n\t\t\t\t<div class=\"col-inner text-center dark\"  >\n\t\t\t\n\t\t\t\n\n\n\t\t<div class=\"icon-box featured-box icon-box-top text-left\"  >\n\t\t\t\t\t<div class=\"icon-box-img\" style=\"width: 60px\">\n\t\t\t\t<div class=\"icon\">\n\t\t\t\t\t<div class=\"icon-inner\" >\n\t\t\t\t\t\t<img decoding=\"async\" src=\"https:\/\/templates.sebdelaweb.com\/bakki\/wp-content\/uploads\/sites\/3\/2021\/02\/hand-heart-line-1-1.png\" alt=\"\"\/>\t\t\t\t\t<\/div>\n\t\t\t\t<\/div>\n\t\t\t<\/div>\n\t\t\t\t<div class=\"icon-box-text last-reset\">\n\t\t\t\t\t\t\t\t\t\n\n\t<div id=\"text-3554975825\" class=\"text\">\n\t\t\n\n<h3>Productos \u00c9ticos<\/h3>\n<p>Transparencia en el abastecimiento y producci\u00f3n \u00e9tica, asegurando confianza e integridad. <\/p>\n\t\t\n<style>\n#text-3554975825 {\n  text-align: center;\n}\n<\/style>\n\t<\/div>\n\t\n\n\t\t<\/div>\n\t<\/div>\n\t\n\t\n\n\t\t<\/div>\n\t\t\t\t\t<\/div>\n\n\t\n\n\t<div id=\"col-1073158855\" class=\"col medium-6 small-12 large-3\"  >\n\t\t\t\t<div class=\"col-inner text-center dark\"  >\n\t\t\t\n\t\t\t\n\n\n\t\t<div class=\"icon-box featured-box icon-box-top text-left\"  >\n\t\t\t\t\t<div class=\"icon-box-img\" style=\"width: 60px\">\n\t\t\t\t<div class=\"icon\">\n\t\t\t\t\t<div class=\"icon-inner\" >\n\t\t\t\t\t\t<img decoding=\"async\" src=\"https:\/\/templates.sebdelaweb.com\/bakki\/wp-content\/uploads\/sites\/3\/2021\/02\/plant-line-1.png\" alt=\"\"\/>\t\t\t\t\t<\/div>\n\t\t\t\t<\/div>\n\t\t\t<\/div>\n\t\t\t\t<div class=\"icon-box-text last-reset\">\n\t\t\t\t\t\t\t\t\t\n\n\t<div id=\"text-1944155058\" class=\"text\">\n\t\t\n\n<h3>Cruelty Free<\/h3>\n<p>Productos desarrollados sin herir a ning\u00fan animal, respetando a todos los seres vivos.<\/p>\n\t\t\n<style>\n#text-1944155058 {\n  text-align: center;\n}\n<\/style>\n\t<\/div>\n\t\n\n\t\t<\/div>\n\t<\/div>\n\t\n\t\n\n\t\t<\/div>\n\t\t\t\t\t<\/div>\n\n\t\n\n\t<div id=\"col-2019497369\" class=\"col medium-6 small-12 large-3\"  >\n\t\t\t\t<div class=\"col-inner text-center dark\"  >\n\t\t\t\n\t\t\t\n\n\n\t\t<div class=\"icon-box featured-box icon-box-top text-left\"  >\n\t\t\t\t\t<div class=\"icon-box-img\" style=\"width: 60px\">\n\t\t\t\t<div class=\"icon\">\n\t\t\t\t\t<div class=\"icon-inner\" >\n\t\t\t\t\t\t<img decoding=\"async\" src=\"https:\/\/templates.sebdelaweb.com\/bakki\/wp-content\/uploads\/sites\/3\/2021\/02\/heart-3-line-1.png\" alt=\"\"\/>\t\t\t\t\t<\/div>\n\t\t\t\t<\/div>\n\t\t\t<\/div>\n\t\t\t\t<div class=\"icon-box-text last-reset\">\n\t\t\t\t\t\t\t\t\t\n\n\t<div id=\"text-4147603974\" class=\"text\">\n\t\t\n\n<h3>Made with Love <\/h3>\n<p>Comprometidos con pr\u00e1cticas justas y un impacto social positivo en cada etapa.<\/p>\n\t\t\n<style>\n#text-4147603974 {\n  text-align: center;\n}\n<\/style>\n\t<\/div>\n\t\n\n\t\t<\/div>\n\t<\/div>\n\t\n\t\n\n\t\t<\/div>\n\t\t\t\t\t<\/div>\n\n\t\n\n\t<div id=\"col-1117683535\" class=\"col medium-6 small-12 large-3\"  >\n\t\t\t\t<div class=\"col-inner text-center dark\"  >\n\t\t\t\n\t\t\t\n\n\n\t\t<div class=\"icon-box featured-box icon-box-top text-left\"  >\n\t\t\t\t\t<div class=\"icon-box-img\" style=\"width: 60px\">\n\t\t\t\t<div class=\"icon\">\n\t\t\t\t\t<div class=\"icon-inner\" >\n\t\t\t\t\t\t<img decoding=\"async\" src=\"https:\/\/templates.sebdelaweb.com\/bakki\/wp-content\/uploads\/sites\/3\/2021\/02\/t-shirt-2-line-1.png\" alt=\"\"\/>\t\t\t\t\t<\/div>\n\t\t\t\t<\/div>\n\t\t\t<\/div>\n\t\t\t\t<div class=\"icon-box-text last-reset\">\n\t\t\t\t\t\t\t\t\t\n\n\t<div id=\"text-57426490\" class=\"text\">\n\t\t\n\n<h3>Marcas Slow<\/h3>\n<p>Creaciones conscientes con un enfoque en la calidad, la sostenibilidad y la durabilidad.\n<\/p>\n\t\t\n<style>\n#text-57426490 {\n  text-align: center;\n}\n<\/style>\n\t<\/div>\n\t\n\n\t\t<\/div>\n\t<\/div>\n\t\n\t\n\n\t\t<\/div>\n\t\t\t\t\t<\/div>\n\n\t\n\n<\/div>\n\n\t\t<\/div>\n\n\t\t\n<style>\n#section_10408054 {\n  padding-top: 50px;\n  padding-bottom: 50px;\n  min-height: 500px;\n  background-color: rgb(32, 74, 59);\n}\n@media (min-width:550px) {\n  #section_10408054 {\n    padding-top: 75px;\n    padding-bottom: 75px;\n  }\n}\n@media (min-width:850px) {\n  #section_10408054 {\n    padding-top: 100px;\n    padding-bottom: 100px;\n  }\n}\n<\/style>\n\t<\/section>","protected":false},"excerpt":{"rendered":"","protected":false},"author":1,"featured_media":0,"parent":0,"menu_order":0,"comment_status":"closed","ping_status":"closed","template":"page-blank.php","meta":{"footnotes":""},"class_list":["post-46","page","type-page","status-publish","hentry"],"_links":{"self":[{"href":"https:\/\/info.renue.eco\/es\/wp-json\/wp\/v2\/pages\/46","targetHints":{"allow":["GET"]}}],"collection":[{"href":"https:\/\/info.renue.eco\/es\/wp-json\/wp\/v2\/pages"}],"about":[{"href":"https:\/\/info.renue.eco\/es\/wp-json\/wp\/v2\/types\/page"}],"author":[{"embeddable":true,"href":"https:\/\/info.renue.eco\/es\/wp-json\/wp\/v2\/users\/1"}],"replies":[{"embeddable":true,"href":"https:\/\/info.renue.eco\/es\/wp-json\/wp\/v2\/comments?post=46"}],"version-history":[{"count":0,"href":"https:\/\/info.renue.eco\/es\/wp-json\/wp\/v2\/pages\/46\/revisions"}],"wp:attachment":[{"href":"https:\/\/info.renue.eco\/es\/wp-json\/wp\/v2\/media?parent=46"}],"curies":[{"name":"wp","href":"https:\/\/api.w.org\/{rel}","templated":true}]}}